{"id":1637,"date":"2022-11-19T06:56:14","date_gmt":"2022-11-19T06:56:14","guid":{"rendered":"http:\/\/ftpdemo.com\/lovegiver\/?page_id=1637"},"modified":"2025-04-05T21:58:37","modified_gmt":"2025-04-05T19:58:37","slug":"career","status":"publish","type":"page","link":"https:\/\/kellnews.com\/index.php\/career\/","title":{"rendered":"Career"},"content":{"rendered":"<style>.elementor-1637 .elementor-element.elementor-element-4e436a3 > .elementor-container{max-width:1300px;}.elementor-1637 .elementor-element.elementor-element-4e436a3{padding:150px 0px 120px 0px;}.elementor-1637 .elementor-element.elementor-element-0e9171c > .elementor-widget-wrap > .elementor-widget:not(.elementor-widget__width-auto):not(.elementor-widget__width-initial):not(:last-child):not(.elementor-absolute){margin-block-end:0px;}.elementor-1637 .elementor-element.elementor-element-0e9171c > .elementor-element-populated{margin:0px 15px 0px 15px;--e-column-margin-right:15px;--e-column-margin-left:15px;padding:0px 0px 0px 0px;}.elementor-1637 .elementor-element.elementor-element-6e8f2e1{text-align:start;}.elementor-1637 .elementor-element.elementor-element-6e8f2e1 .elementor-heading-title{font-family:var( --e-global-typography-secondary-font-family ), Sans-serif;font-weight:var( --e-global-typography-secondary-font-weight );}.elementor-1637 .elementor-element.elementor-element-6e8f2e1 > .elementor-widget-container{margin:0px 0px 6px 0px;}.elementor-1637 .elementor-element.elementor-element-85d8588{text-align:start;}.elementor-1637 .elementor-element.elementor-element-85d8588 .elementor-heading-title{font-family:\"PT Serif\", Sans-serif;font-size:50px;font-weight:700;line-height:1.25em;color:var( --e-global-color-secondary );}.elementor-1637 .elementor-element.elementor-element-85d8588 > .elementor-widget-container{margin:0px 0px 0px 0px;padding:0px 100px 0px 0px;}.elementor-1637 .elementor-element.elementor-element-ce83dba{font-family:\"Poppins\", Sans-serif;font-size:16px;font-weight:400;color:#6E6E6E;}.elementor-1637 .elementor-element.elementor-element-ce83dba > .elementor-widget-container{margin:30px 0px 40px 0px;padding:0px 100px 0px 0px;}.elementor-1637 .elementor-element.elementor-element-ba5810f > .elementor-widget-container{padding:0px 200px 0px 0px;}.elementor-1637 .elementor-element.elementor-element-3d4258b > .elementor-element-populated{margin:0px 15px 0px 15px;--e-column-margin-right:15px;--e-column-margin-left:15px;}@media(max-width:1024px) and (min-width:768px){.elementor-1637 .elementor-element.elementor-element-0e9171c{width:100%;}.elementor-1637 .elementor-element.elementor-element-3d4258b{width:100%;}}@media(max-width:1024px){.elementor-1637 .elementor-element.elementor-element-0e9171c > .elementor-element-populated{margin:0px 15px 0px 15px;--e-column-margin-right:15px;--e-column-margin-left:15px;}.elementor-1637 .elementor-element.elementor-element-ba5810f > .elementor-widget-container{padding:0px 0px 0px 0px;}}@media(max-width:767px){.elementor-1637 .elementor-element.elementor-element-85d8588 .elementor-heading-title{font-size:35px;}.elementor-1637 .elementor-element.elementor-element-85d8588 > .elementor-widget-container{padding:0px 0px 0px 0px;}.elementor-1637 .elementor-element.elementor-element-ce83dba > .elementor-widget-container{padding:0px 0px 0px 0px;}}<\/style>\t\t<div data-elementor-type=\"wp-page\" data-elementor-id=\"1637\" class=\"elementor elementor-1637\" data-elementor-settings=\"{&quot;ha_cmc_init_switcher&quot;:&quot;no&quot;}\">\n\t\t\t\t\t\t<section class=\"elementor-section elementor-top-section elementor-element elementor-element-4e436a3 elementor-section-boxed elementor-section-height-default elementor-section-height-default\" data-id=\"4e436a3\" data-element_type=\"section\" data-e-type=\"section\" data-settings=\"{&quot;_ha_eqh_enable&quot;:false}\">\n\t\t\t\t\t\t<div class=\"elementor-container elementor-column-gap-no\">\n\t\t\t\t\t<div class=\"elementor-column elementor-col-66 elementor-top-column elementor-element elementor-element-0e9171c\" data-id=\"0e9171c\" data-element_type=\"column\" data-e-type=\"column\">\n\t\t\t<div class=\"elementor-widget-wrap elementor-element-populated\">\n\t\t\t\t\t\t<div class=\"elementor-element elementor-element-6e8f2e1 elementor-widget elementor-widget-heading\" data-id=\"6e8f2e1\" data-element_type=\"widget\" data-e-type=\"widget\" data-widget_type=\"heading.default\">\n\t\t\t\t<div class=\"elementor-widget-container\">\n\t\t\t\t\t<span class=\"elementor-heading-title elementor-size-default\">About LoveGiver<\/span>\t\t\t\t<\/div>\n\t\t\t\t<\/div>\n\t\t\t\t<div class=\"elementor-element elementor-element-85d8588 elementor-widget elementor-widget-heading\" data-id=\"85d8588\" data-element_type=\"widget\" data-e-type=\"widget\" data-widget_type=\"heading.default\">\n\t\t\t\t<div class=\"elementor-widget-container\">\n\t\t\t\t\t<h2 class=\"elementor-heading-title elementor-size-default\">Nous recrutons !<\/h2>\t\t\t\t<\/div>\n\t\t\t\t<\/div>\n\t\t\t\t<div class=\"elementor-element elementor-element-ce83dba elementor-widget elementor-widget-text-editor\" data-id=\"ce83dba\" data-element_type=\"widget\" data-e-type=\"widget\" data-widget_type=\"text-editor.default\">\n\t\t\t\t<div class=\"elementor-widget-container\">\n\t\t\t\t\t\t\t\t\t<p>Vous souhaitez int\u00e9grer l\u2019\u00e9quipe de collaborateurs de l\u2019Association ? N\u2019h\u00e9sitez pas \u00e0 remplir le formulaire pr\u00e9vu \u00e0 cet effet et proposer ainsi votre candidature directement en ligne !<\/p><p>Nous recrutons r\u00e9guli\u00e8rement pour les postes suivants :<\/p>\t\t\t\t\t\t\t\t<\/div>\n\t\t\t\t<\/div>\n\t\t\t\t<div class=\"elementor-element elementor-element-ba5810f elementor-widget elementor-widget-lovegiver_faq_career\" data-id=\"ba5810f\" data-element_type=\"widget\" data-e-type=\"widget\" data-widget_type=\"lovegiver_faq_career.default\">\n\t\t\t\t<div class=\"elementor-widget-container\">\n\t\t\t\t\t\t\t\n\n\t<div class=\"accordian-boxed \">\n\t\t<ul class=\"accordion-box alt-2\">                            \n\t\t\t\t\t\t<li class=\"accordion block\">\n\t\t\t\t<div class=\"acc-btn \"><div class=\"icon-outer\"><span class=\"far fa-plus\"><\/span> <span class=\"far fa-minus\"><\/span><\/div>Assistant-m\u00e9nager(e)<\/div>\n\t\t\t\t<div class=\"acc-content \">\n\t\t\t\t\t<div class=\"content\">\n\t\t\t\t\t\t<p class=\"mb_20\">L'assistant-m\u00e9nager(e) assure la bonne tenue et la bonne hygi\u00e8ne du domicile des clients de l\u2019association..<\/p>\n\t\t\t\t\t\t<h4 class=\"fs_20 mb_10\">Soft Skills:<\/h4>\n\t\t\t\t\t\t<p class=\"service-details-desc mb_30\">\tLa facult\u00e9 d\u2019adaptation est un \u00e9l\u00e9ment d\u00e9terminant dans la r\u00e9alisation des missions confi\u00e9es. Parce que chaque usager exprime des attentes et besoins diff\u00e9rents, il est n\u00e9cessaire d\u2019y r\u00e9pondre avec pr\u00e9cisions.\nBien qu\u2019aucune formation pr\u00e9alable ne soit exig\u00e9e, il est toutefois important de rappeler que ce poste requiert bon nombre de qualit\u00e9s et comp\u00e9tences :<\/p>\n\t\t\t\t\t\t<ul class=\"service-details-lsit mb_30\">\n\t\t\t\t\t\t\t<li>\u00catre discret<\/li>\n                                                <li>Avoir le sens du service et du d\u00e9tail<\/li>\n                                                <li>\u00catre autonome<\/li> <li>\u00catre rigoureux<\/li>\n                                                <li>\u00catre disponible<\/li>\t\t\t\t\t\t<\/ul>\n\t\t\t\t\t\t<h4 class=\"fs_20 mb_10\"><\/h4>\n\t\t\t\t\t\t<p class=\"service-details-desc mb_30\"><\/p>\n\t\t\t\t\t\t<ul class=\"service-details-lsit mb_30\">\n\t\t\t\t\t\t\t\t\t\t\t\t\t<\/ul>\n\t\t\t\t\t\t<div class=\"link-btn\"><a href=\"https:\/\/23july.hostlin.com\/lovegiver\/contact\/\" class=\"btn-1\">Postuler <span><\/span><\/a><\/div>\n\t\t\t\t\t<\/div>\n\t\t\t\t<\/div>\n\t\t\t<\/li>                           \n\t\t\t<!--Block-->\n\t\t\t\t\t\t<li class=\"accordion block\">\n\t\t\t\t<div class=\"acc-btn active\"><div class=\"icon-outer\"><span class=\"far fa-plus\"><\/span> <span class=\"far fa-minus\"><\/span><\/div>Auxiliaire de vie<\/div>\n\t\t\t\t<div class=\"acc-content current\">\n\t\t\t\t\t<div class=\"content\">\n\t\t\t\t\t\t<p class=\"mb_20\"><\/p>\n\t\t\t\t\t\t<h4 class=\"fs_20 mb_10\"><\/h4>\n\t\t\t\t\t\t<p class=\"service-details-desc mb_30\">Les auxiliaires de vie sociale assurent le maintien \u00e0 domicile des personnes \u00e2g\u00e9es ou handicap\u00e9es.\nCe personnel oeuvre pour le bien-\u00eatre de la personne et l\u2019accompagne dans la r\u00e9alisation des actes et gestes de la vie quotidienne.<\/p>\n\t\t\t\t\t\t<ul class=\"service-details-lsit mb_30\">\n\t\t\t\t\t\t\t<li>Pr\u00e9parer les repas<\/li>\n                                                <li>Assurer le m\u00e9nage<\/li>\n                                                <li>Traiter les d\u00e9marches administratives...<\/li>\t\t\t\t\t\t<\/ul>\n\t\t\t\t\t\t<h4 class=\"fs_20 mb_10\">Duties and Responsibilities:<\/h4>\n\t\t\t\t\t\t<p class=\"service-details-desc mb_30\">Scelerisque porttitor faucibus faucibus at diam in cursus dictum enim egestas eget id odio morbi rhoncus pellentesque quis enim.<\/p>\n\t\t\t\t\t\t<ul class=\"service-details-lsit mb_30\">\n\t\t\t\t\t\t\t<li>Holiday Trash &amp; Recycling<\/li>\n                                                <li>Things To Do In Govarnex<\/li>\n                                                <li>Rent a Picnic Shelter<\/li>\t\t\t\t\t\t<\/ul>\n\t\t\t\t\t\t<div class=\"link-btn\"><a href=\"https:\/\/23july.hostlin.com\/lovegiver\/contact\/\" class=\"btn-1\">postuler <span><\/span><\/a><\/div>\n\t\t\t\t\t<\/div>\n\t\t\t\t<\/div>\n\t\t\t<\/li>                           \n\t\t\t<!--Block-->\n\t\t\t \t\t\n\t\t<\/ul>\n\t<\/div>  \n\n\t\t\t\t\t\t<\/div>\n\t\t\t\t<\/div>\n\t\t\t\t\t<\/div>\n\t\t<\/div>\n\t\t\t\t<div class=\"elementor-column elementor-col-33 elementor-top-column elementor-element elementor-element-3d4258b\" data-id=\"3d4258b\" data-element_type=\"column\" data-e-type=\"column\">\n\t\t\t<div class=\"elementor-widget-wrap elementor-element-populated\">\n\t\t\t\t\t\t<div class=\"elementor-element elementor-element-b34709e lovegiver elementor-widget elementor-widget-shortcode\" data-id=\"b34709e\" data-element_type=\"widget\" data-e-type=\"widget\" data-widget_type=\"shortcode.default\">\n\t\t\t\t<div class=\"elementor-widget-container\">\n\t\t\t\t\t\t\t<div class=\"elementor-shortcode\">\n<div class=\"wpcf7 no-js\" id=\"wpcf7-f1664-o1\" lang=\"en-US\" dir=\"ltr\" data-wpcf7-id=\"1664\">\n<div class=\"screen-reader-response\"><p role=\"status\" aria-live=\"polite\" aria-atomic=\"true\"><\/p> <ul><\/ul><\/div>\n<form action=\"\/index.php\/wp-json\/wp\/v2\/pages\/1637#wpcf7-f1664-o1\" method=\"post\" class=\"wpcf7-form init\" aria-label=\"Contact form\" novalidate=\"novalidate\" data-status=\"init\">\n<fieldset class=\"hidden-fields-container\"><input type=\"hidden\" name=\"_wpcf7\" value=\"1664\" \/><input type=\"hidden\" name=\"_wpcf7_version\" value=\"6.1.5\" \/><input type=\"hidden\" name=\"_wpcf7_locale\" value=\"en_US\" \/><input type=\"hidden\" name=\"_wpcf7_unit_tag\" value=\"wpcf7-f1664-o1\" \/><input type=\"hidden\" name=\"_wpcf7_container_post\" value=\"0\" \/><input type=\"hidden\" name=\"_wpcf7_posted_data_hash\" value=\"\" \/>\n<\/fieldset>\n<div class=\"appointment-form-widget\">\n\t<h4 class=\"event-info-widget-title\">Quick Contact\n\t<\/h4>\n\t<div class=\"form-alt-2\">\n\t\t<div>\n\t\t\t<div class=\"form-group\">\n\t\t\t\t<p><span class=\"wpcf7-form-control-wrap\" data-name=\"text-270\"><input size=\"40\" maxlength=\"400\" class=\"wpcf7-form-control wpcf7-text\" aria-invalid=\"false\" placeholder=\"Name\" value=\"\" type=\"text\" name=\"text-270\" \/><\/span>\n\t\t\t\t<\/p>\n\t\t\t<\/div>\n\t\t\t<div class=\"form-group\">\n\t\t\t\t<p><span class=\"wpcf7-form-control-wrap\" data-name=\"email-656\"><input size=\"40\" maxlength=\"400\" class=\"wpcf7-form-control wpcf7-email wpcf7-validates-as-required wpcf7-text wpcf7-validates-as-email\" aria-required=\"true\" aria-invalid=\"false\" placeholder=\"Email\" value=\"\" type=\"email\" name=\"email-656\" \/><\/span>\n\t\t\t\t<\/p>\n\t\t\t<\/div>\n\t\t\t<div class=\"form-group\">\n\t\t\t\t<p><span class=\"wpcf7-form-control-wrap\" data-name=\"tel-771\"><input size=\"40\" maxlength=\"400\" class=\"wpcf7-form-control wpcf7-tel wpcf7-text wpcf7-validates-as-tel\" aria-invalid=\"false\" placeholder=\"Phone\" value=\"\" type=\"tel\" name=\"tel-771\" \/><\/span>\n\t\t\t\t<\/p>\n\t\t\t<\/div>\n\t\t\t<div class=\"form-group\">\n\t\t\t\t<p><span class=\"wpcf7-form-control-wrap\" data-name=\"text-270\"><input size=\"40\" maxlength=\"400\" class=\"wpcf7-form-control wpcf7-text\" aria-invalid=\"false\" placeholder=\"Subject\" value=\"\" type=\"text\" name=\"text-270\" \/><\/span>\n\t\t\t\t<\/p>\n\t\t\t<\/div>\n\t\t\t<div class=\"form-group\">\n\t\t\t\t<p><span class=\"wpcf7-form-control-wrap\" data-name=\"textarea-722\"><textarea cols=\"40\" rows=\"10\" maxlength=\"2000\" class=\"wpcf7-form-control wpcf7-textarea\" aria-invalid=\"false\" name=\"textarea-722\">Message<\/textarea><\/span>\n\t\t\t\t<\/p>\n\t\t\t<\/div>\n\t\t\t<div class=\"form-gorup\">\n\t\t\t\t<p><button class=\"btn-1\">Submit Now <span><\/span><\/button>\n\t\t\t\t<\/p>\n\t\t\t<\/div>\n\t\t<\/div>\n\t<\/div>\n<\/div><div class=\"wpcf7-response-output\" aria-hidden=\"true\"><\/div>\n<\/form>\n<\/div>\n<\/div>\n\t\t\t\t\t\t<\/div>\n\t\t\t\t<\/div>\n\t\t\t\t\t<\/div>\n\t\t<\/div>\n\t\t\t\t\t<\/div>\n\t\t<\/section>\n\t\t\t\t<\/div>\n\t\t","protected":false},"excerpt":{"rendered":"<p>About LoveGiver Nous recrutons ! Vous souhaitez int\u00e9grer l\u2019\u00e9quipe de collaborateurs de l\u2019Association ? N\u2019h\u00e9sitez pas \u00e0 remplir le formulaire pr\u00e9vu \u00e0 cet effet et proposer ainsi votre candidature directement en ligne ! Nous recrutons r\u00e9guli\u00e8rement pour les postes suivants : Assistant-m\u00e9nager(e) L&#8217;assistant-m\u00e9nager(e) assure la bonne tenue et la bonne hygi\u00e8ne du domicile des clients [&hellip;]<\/p>\n","protected":false},"author":1,"featured_media":0,"parent":0,"menu_order":0,"comment_status":"closed","ping_status":"closed","template":"tpl-default-elementor.php","meta":{"give_campaign_id":0,"_monsterinsights_skip_tracking":false,"_monsterinsights_sitenote_active":false,"_monsterinsights_sitenote_note":"","_monsterinsights_sitenote_category":0,"footnotes":""},"class_list":["post-1637","page","type-page","status-publish","hentry"],"aioseo_notices":[],"campaignId":"","_links":{"self":[{"href":"https:\/\/kellnews.com\/index.php\/wp-json\/wp\/v2\/pages\/1637","targetHints":{"allow":["GET"]}}],"collection":[{"href":"https:\/\/kellnews.com\/index.php\/wp-json\/wp\/v2\/pages"}],"about":[{"href":"https:\/\/kellnews.com\/index.php\/wp-json\/wp\/v2\/types\/page"}],"author":[{"embeddable":true,"href":"https:\/\/kellnews.com\/index.php\/wp-json\/wp\/v2\/users\/1"}],"replies":[{"embeddable":true,"href":"https:\/\/kellnews.com\/index.php\/wp-json\/wp\/v2\/comments?post=1637"}],"version-history":[{"count":15,"href":"https:\/\/kellnews.com\/index.php\/wp-json\/wp\/v2\/pages\/1637\/revisions"}],"predecessor-version":[{"id":3800,"href":"https:\/\/kellnews.com\/index.php\/wp-json\/wp\/v2\/pages\/1637\/revisions\/3800"}],"wp:attachment":[{"href":"https:\/\/kellnews.com\/index.php\/wp-json\/wp\/v2\/media?parent=1637"}],"curies":[{"name":"wp","href":"https:\/\/api.w.org\/{rel}","templated":true}]}}